{"id":31,"date":"2018-07-08T03:16:09","date_gmt":"2018-07-08T03:16:09","guid":{"rendered":"http:\/\/tf.themedraft.com\/wp\/xzopro\/?page_id=31"},"modified":"2024-02-18T23:59:14","modified_gmt":"2024-02-18T20:59:14","slug":"about-us","status":"publish","type":"page","link":"http:\/\/barkamuh.com.tr\/?page_id=31","title":{"rendered":"Hakk\u0131m\u0131zda"},"content":{"rendered":"<section class=\"wpb-content-wrapper\"><p>[vc_row full_width=&#8221;stretch_row&#8221; css=&#8221;.vc_custom_1534942783644{padding-top: 100px !important;padding-bottom: 65px !important;}&#8221;][vc_column]\n        <div class=\"twbi-wrapper \">        \n            <div class=\"row\">        \n                    <div class=\"col-lg-6 col-md-6\">\n                        <div class=\"border-image-wrap img-left\">\n                            <div class=\"border-image-wrap-border\" style=\"background: #0a6db7\"><\/div>\n                            <img decoding=\"async\" src=\"http:\/\/barkamuh.com.tr\/wp-content\/uploads\/2024\/02\/12.jpg\" alt=\"\">\n                        <\/div>\n                    <\/div>\n                <div class=\"col-lg-6 col-md-6\">\n                    <div class=\"twbi-text\">\n                        <h1 style=\"color:#0a6db7\">Barka M\u00fchendislik Hakk\u0131nda<\/h1>\n                        Barka M\u00fchendislik, G\u00d6K \u0130N\u015eAAT ve T\u0130CARET A.\u015e. b\u00fcnyesinde 25 y\u0131l\u0131 a\u015fk\u0131n bir s\u00fcre \u00fcst d\u00fczey y\u00f6neticilik ve genel m\u00fcd\u00fcrl\u00fck g\u00f6revlerinde bulunmu\u015f \u0130n\u015faat M\u00fch. A. G\u00fcnkut Barka taraf\u0131ndan 2004 y\u0131l\u0131nda kurulmu\u015ftur.<\/p>\n<p>\n                    <\/div>\n                <\/div>\n            <\/div>\n        <\/div>\n    [\/vc_column][\/vc_row][vc_row full_width=&#8221;stretch_row&#8221; css=&#8221;.vc_custom_1535107221844{padding-top: 95px !important;padding-bottom: 65px !important;background-color: #f7f7f7 !important;}&#8221;][vc_column width=&#8221;1\/2&#8243;]\n        <div class=\"twb-wrapper \"><h4 style=\"color: #0a6db7\">Daha Fazla<\/h4>\n            <h1 style=\"color: #0a6db7\">25 Y\u0131l\u0131 A\u015fk\u0131n Tecr\u00fcbe<\/h1>\n            <div class=\"twb-content-text\" style=\"color: #505050\">\n                \u00a8G\u00d6K \u0130N\u015eAAT ve T\u0130C. A\u015e. b\u00fcnyesinde prefabrik ve konvansiyonel y\u00fczlerce yap\u0131n\u0131n projelendirme \u00e7al\u0131\u015fmalar\u0131n\u0131 ger\u00e7ekle\u015ftiren deneyimli teknik kadrosunu daha da geni\u015fleten Barka M\u00fchendislik, kalite odakl\u0131 bir anlay\u0131\u015fla proje ve dan\u0131\u015fmanl\u0131k hizmetleri vermektedir. Verilen hizmetlerde, mesleki etik ilkeleri do\u011frultusunda, kaliteli, g\u00fcvenli ve yenilik\u00e7i projeleri hayata ge\u00e7irerek, m\u00fc\u015fteri memnuniyetinin en \u00fcst d\u00fczeyde olmas\u0131 ve s\u00fcreklili\u011fi ama\u00e7lanmaktad\u0131r.\n            <\/div>\n            \n            <div class=\"twb-btn\">\n                 <a href=\"#\" class=\"xzopro-btn fill-btn\"><\/a>\n            <\/div>\n           \n        <\/div>\n    [\/vc_column][vc_column width=&#8221;1\/2&#8243;][vc_single_image image=&#8221;2271&#8243; img_size=&#8221;full&#8221;][\/vc_column][\/vc_row][vc_row css=&#8221;.vc_custom_1535084051605{padding-top: 92px !important;padding-bottom: 70px !important;}&#8221;][vc_column]\n        <div class=\"section-title-wrapper \" style=\"color: #505050\">\n            <div class=\"row text-center\">\n                <div class=\"col-xl-6 offset-xl-3 col-lg-8 offset-lg-2 col-md-10 offset-md-1\">  \n                    <h2 class=\"section-title\" style=\"color:#0a6db7\">Meet Our Best Team<\/h2>\n                    <ul class=\"title-shape no-list-style text-center\">\n                        <li style=\"background: #0a6db7\"><\/li>\n                        <li style=\"background: #0a6db7\"><\/li>\n                        <li style=\"background: #0a6db7\"><\/li>\n                    <\/ul>\n                    <p>There are many variations of pasages Lorem available, but the majority have sufered alteration in some form or randomised even<\/p>\n\n                <\/div>\n            <\/div>   \n        <\/div>\n    [vc_row_inner][vc_column_inner width=&#8221;1\/3&#8243;]\n        <div class=\"single-team-member text-center \">\n            <div class=\"member-image\">\n                <img decoding=\"async\" src=\"http:\/\/barkamuh.com.tr\/wp-content\/uploads\/2018\/07\/team3-200x200.png\" alt=\"\">\n            <\/div>\n            \n            <div class=\"member-content\">\n                <h4>Michale Joe<\/h4>\n                <p>Salse Executive<\/p>\n            <\/div>        \n                <div class=\"member-icons\">\n                    <ul class=\"no-list-style\">\n                                <li><a href=\"#\"><i class=\"fa fa-facebook\"><\/i><\/a><\/li>\n                                \n                                <li><a href=\"#\"><i class=\"fa fa-twitter\"><\/i><\/a><\/li>\n                                \n                                <li><a href=\"#\"><i class=\"fa fa-linkedin\"><\/i><\/a><\/li>\n                                \n                                <li><a href=\"#\"><i class=\"fa fa-pinterest-p\"><\/i><\/a><\/li>\n                                                \n                    <\/ul>\n                <\/div>\n        <\/div>\n    [\/vc_column_inner][vc_column_inner width=&#8221;1\/3&#8243;]\n        <div class=\"single-team-member text-center \">\n            <div class=\"member-image\">\n                <img decoding=\"async\" src=\"http:\/\/barkamuh.com.tr\/wp-content\/uploads\/2018\/07\/team-1-200x200.png\" alt=\"\">\n            <\/div>\n            \n            <div class=\"member-content\">\n                <h4>Jasmin Jerry<\/h4>\n                <p>Salse Executive<\/p>\n            <\/div>        \n                <div class=\"member-icons\">\n                    <ul class=\"no-list-style\">\n                                <li><a href=\"#\"><i class=\"fa fa-facebook\"><\/i><\/a><\/li>\n                                \n                                <li><a href=\"#\"><i class=\"fa fa-twitter\"><\/i><\/a><\/li>\n                                \n                                <li><a href=\"#\"><i class=\"fa fa-linkedin\"><\/i><\/a><\/li>\n                                \n                                <li><a href=\"#\"><i class=\"fa fa-pinterest-p\"><\/i><\/a><\/li>\n                                                \n                    <\/ul>\n                <\/div>\n        <\/div>\n    [\/vc_column_inner][vc_column_inner width=&#8221;1\/3&#8243;]\n        <div class=\"single-team-member text-center \">\n            <div class=\"member-image\">\n                <img decoding=\"async\" src=\"http:\/\/barkamuh.com.tr\/wp-content\/uploads\/2018\/07\/team2-200x200.png\" alt=\"\">\n            <\/div>\n            \n            <div class=\"member-content\">\n                <h4>Michale Hussy<\/h4>\n                <p>Salse Executive<\/p>\n            <\/div>        \n                <div class=\"member-icons\">\n                    <ul class=\"no-list-style\">\n                                <li><a href=\"#\"><i class=\"fa fa-facebook\"><\/i><\/a><\/li>\n                                \n                                <li><a href=\"#\"><i class=\"fa fa-twitter\"><\/i><\/a><\/li>\n                                \n                                <li><a href=\"#\"><i class=\"fa fa-linkedin\"><\/i><\/a><\/li>\n                                \n                                <li><a href=\"#\"><i class=\"fa fa-pinterest-p\"><\/i><\/a><\/li>\n                                                \n                    <\/ul>\n                <\/div>\n        <\/div>\n    [\/vc_column_inner][\/vc_row_inner][\/vc_column][\/vc_row][vc_row full_width=&#8221;stretch_row&#8221; css=&#8221;.vc_custom_1535112843782{padding-top: 92px !important;padding-bottom: 63px !important;background-color: #f7f7f7 !important;}&#8221; el_id=&#8221;nadimkhan&#8221;][vc_column]\n        <div class=\"section-title-wrapper \" style=\"color: #505050\">\n            <div class=\"row text-center\">\n                <div class=\"col-xl-6 offset-xl-3 col-lg-8 offset-lg-2 col-md-10 offset-md-1\">  \n                    <h2 class=\"section-title\" style=\"color:#0a6db7\">Awesome Team Skills<\/h2>\n                    <ul class=\"title-shape no-list-style text-center\">\n                        <li style=\"background: #0a6db7\"><\/li>\n                        <li style=\"background: #0a6db7\"><\/li>\n                        <li style=\"background: #0a6db7\"><\/li>\n                    <\/ul>\n                    <p>There are many variations of pasages Lorem available, but the majority have sufered alteration in some form or randomised even<\/p>\n\n                <\/div>\n            <\/div>   \n        <\/div>\n    [vc_row_inner][vc_column_inner width=&#8221;1\/2&#8243;]<div class=\"progress-wrapper  \"><div class=\"skill-wrapper\" style=\"color: #444444\"><div class=\"skill-title\">MARKETING<\/div><div class=\"skillbar\" data-percent=\"98%\" style=\"background: #bbbbbb; border-color: #bbbbbb;\">\n                        <div class=\"progress-fill-bar\" style=\"background: #444444;\">\n                            <div class=\"skill-percent-count-wrap\"><span class=\"skill-percent-count\">98<\/span>%<\/div>\n                        \n                        <\/div>\n                    <\/div>             \n                <\/div>\n            <div class=\"skill-wrapper\" style=\"color: #444444\"><div class=\"skill-title\">BUSINESS LOAN<\/div><div class=\"skillbar\" data-percent=\"90%\" style=\"background: #bbbbbb; border-color: #bbbbbb;\">\n                        <div class=\"progress-fill-bar\" style=\"background: #444444;\">\n                            <div class=\"skill-percent-count-wrap\"><span class=\"skill-percent-count\">90<\/span>%<\/div>\n                        \n                        <\/div>\n                    <\/div>             \n                <\/div>\n            <div class=\"skill-wrapper\" style=\"color: #444444\"><div class=\"skill-title\">INVESTMENT<\/div><div class=\"skillbar\" data-percent=\"85%\" style=\"background: #bbbbbb; border-color: #bbbbbb;\">\n                        <div class=\"progress-fill-bar\" style=\"background: #444444;\">\n                            <div class=\"skill-percent-count-wrap\"><span class=\"skill-percent-count\">85<\/span>%<\/div>\n                        \n                        <\/div>\n                    <\/div>             \n                <\/div>\n            <div class=\"skill-wrapper\" style=\"color: #444444\"><div class=\"skill-title\">FINANCIAL ADVICE<\/div><div class=\"skillbar\" data-percent=\"70%\" style=\"background: #bbbbbb; border-color: #bbbbbb;\">\n                        <div class=\"progress-fill-bar\" style=\"background: #444444;\">\n                            <div class=\"skill-percent-count-wrap\"><span class=\"skill-percent-count\">70<\/span>%<\/div>\n                        \n                        <\/div>\n                    <\/div>             \n                <\/div>\n            <div class=\"skill-wrapper\" style=\"color: #444444\"><div class=\"skill-title\">Consulting<\/div><div class=\"skillbar\" data-percent=\"90%\" style=\"background: #bbbbbb; border-color: #bbbbbb;\">\n                        <div class=\"progress-fill-bar\" style=\"background: #444444;\">\n                            <div class=\"skill-percent-count-wrap\"><span class=\"skill-percent-count\">90<\/span>%<\/div>\n                        \n                        <\/div>\n                    <\/div>             \n                <\/div>\n            <\/div>[\/vc_column_inner][vc_column_inner width=&#8221;1\/2&#8243;][vc_single_image image=&#8221;437&#8243; img_size=&#8221;full&#8221; css=&#8221;.vc_custom_1535111692590{padding-left: 30px !important;}&#8221; el_class=&#8221;progress-img&#8221;][\/vc_column_inner][\/vc_row_inner][\/vc_column][\/vc_row]<\/p>\n<\/section>","protected":false},"excerpt":{"rendered":"<p>[vc_row full_width=&#8221;stretch_row&#8221; css=&#8221;.vc_custom_1534942783644{padding-top: 100px !important;padding-bottom: 65px !important;}&#8221;][vc_column][\/vc_column][\/vc_row][vc_row full_width=&#8221;stretch_row&#8221; css=&#8221;.vc_custom_1535107221844{padding-top: 95px !important;padding-bottom: 65px !important;background-color: #f7f7f7 !important;}&#8221;][vc_column width=&#8221;1\/2&#8243;][\/vc_column][vc_column width=&#8221;1\/2&#8243;][vc_single_image image=&#8221;2271&#8243; img_size=&#8221;full&#8221;][\/vc_column][\/vc_row][vc_row css=&#8221;.vc_custom_1535084051605{padding-top: 92px !important;padding-bottom: 70px !important;}&#8221;][vc_column][vc_row_inner][vc_column_inner width=&#8221;1\/3&#8243;][\/vc_column_inner][vc_column_inner width=&#8221;1\/3&#8243;][\/vc_column_inner][vc_column_inner width=&#8221;1\/3&#8243;][\/vc_column_inner][\/vc_row_inner][\/vc_column][\/vc_row][vc_row full_width=&#8221;stretch_row&#8221; css=&#8221;.vc_custom_1535112843782{padding-top: 92px !important;padding-bottom: 63px !important;background-color: #f7f7f7 !important;}&#8221; el_id=&#8221;nadimkhan&#8221;][vc_column][vc_row_inner][vc_column_inner width=&#8221;1\/2&#8243;][\/vc_column_inner][vc_column_inner width=&#8221;1\/2&#8243;][vc_single_image image=&#8221;437&#8243; img_size=&#8221;full&#8221; css=&#8221;.vc_custom_1535111692590{padding-left: 30px !important;}&#8221; el_class=&#8221;progress-img&#8221;][\/vc_column_inner][\/vc_row_inner][\/vc_column][\/vc_row]<\/p>\n","protected":false},"author":1,"featured_media":0,"parent":0,"menu_order":0,"comment_status":"closed","ping_status":"closed","template":"","meta":{"footnotes":""},"_links":{"self":[{"href":"http:\/\/barkamuh.com.tr\/index.php?rest_route=\/wp\/v2\/pages\/31"}],"collection":[{"href":"http:\/\/barkamuh.com.tr\/index.php?rest_route=\/wp\/v2\/pages"}],"about":[{"href":"http:\/\/barkamuh.com.tr\/index.php?rest_route=\/wp\/v2\/types\/page"}],"author":[{"embeddable":true,"href":"http:\/\/barkamuh.com.tr\/index.php?rest_route=\/wp\/v2\/users\/1"}],"replies":[{"embeddable":true,"href":"http:\/\/barkamuh.com.tr\/index.php?rest_route=%2Fwp%2Fv2%2Fcomments&post=31"}],"version-history":[{"count":7,"href":"http:\/\/barkamuh.com.tr\/index.php?rest_route=\/wp\/v2\/pages\/31\/revisions"}],"predecessor-version":[{"id":2281,"href":"http:\/\/barkamuh.com.tr\/index.php?rest_route=\/wp\/v2\/pages\/31\/revisions\/2281"}],"wp:attachment":[{"href":"http:\/\/barkamuh.com.tr\/index.php?rest_route=%2Fwp%2Fv2%2Fmedia&parent=31"}],"curies":[{"name":"wp","href":"https:\/\/api.w.org\/{rel}","templated":true}]}}